{"id":18,"date":"2026-04-30T14:11:04","date_gmt":"2026-04-30T13:11:04","guid":{"rendered":"http:\/\/idceg.usm.md\/?page_id=18"},"modified":"2026-04-30T14:11:04","modified_gmt":"2026-04-30T13:11:04","slug":"despre","status":"publish","type":"page","link":"https:\/\/idceg.usm.md\/?page_id=18","title":{"rendered":"Despre"},"content":{"rendered":"<p class=\"text-align-justify\" style=\"text-align: justify;\">Institutul de Ecologie \u015fi Geografie a fost \u00eenfiin\u021bat \u00een conformitate cu Hot\u0103r\u00e2rea Guvernului Republicii Moldova \u201eCu privire la m\u0103surile de optimizare a infrastructurii sferei \u0219tiin\u021bei \u015fi inov\u0103rii&#8221; nr.1326 din 14 decembrie 2005 prin contopirea Institutului Na\u021bional de Ecologie al Ministerului Ecologiei \u015fi Resurselor Naturale \u015fi Institutului de Geografie al A.\u015e.M.<\/p>\n<p class=\"text-align-justify\" style=\"text-align: justify;\">Dezvoltarea \u0219tiin\u021bei geografice \u00een Republica Moldova a \u00eenceput din a. 1946, c\u00e2nd \u00een componen\u021ba Bazei Moldovene\u0219ti de cercet\u0103ri \u0219tiin\u021bifice a Academiei de \u0218tiin\u021be a U.R.S.S a fost creat Sectorul de Economie \u015fi Geografie, care \u00een a. 1950 a fost transformat \u00een Sectorul de Geografie \u015fi Cartografie \u00een cadrul Sectorului de Economie (din 1960 &#8211; Institutul de Economie) a Filialei Moldovene\u015fti a A.\u015e. a U.R.S.S.; \u00een a. 1965 pe baza acestui sector a fost creat\u0103 Sec\u0163ia de Geografie a Academiei de \u015etiin\u0163e a R.S.S.M., c\u0103rei lu\u00e2nd \u00een considera\u021bie actualitatea, importan\u021ba practic\u0103 \u015fi teoretic\u0103 a cercet\u0103rilor, poten\u021bialul \u0219tiin\u021bific \u00een a. 1992 a fost atribuit statutul Institut de Geografie al A.\u015e. a Moldovei.<\/p>\n<p class=\"text-align-justify\" style=\"text-align: justify;\">Institutul Na\u0163ional de Ecologie a fost \u00eenfiin\u0163at \u00een a. 1990 \u00een baza Direc\u0163iei \u015etiin\u0163\u0103, Monitoring \u015fi Normative ecologice a Departamentului Protec\u0163iei Mediului \u00eenconjur\u0103tor, Sta\u0163iunii silvice \u015fi experimentale cu ocolul silvic experimental H\u00e2rbov\u0103\u0163; Centrului tehnologic \u015fi de proiect\u0103ri, sec\u0163iilor \u015ftiin\u0163ifice ale rezerva\u0163iilor \u201eCodru&#8221; \u015fi \u201eIagorl\u00e2c&#8221;, Sec\u0163iei de protec\u0163ie a plantelor din Str\u0103\u015feni, Sta\u0163iunii pedologice din Bender. Din a. 1992 Institutul s-a aflat \u00een subordonare dubl\u0103: a Departamentului Protec\u0163ia Mediului \u00eenconjur\u0103tor (mai t\u00e2rziu &#8211; Ministerul Ecologiei \u015fi Resurselor Naturale) \u015fi, din punct de vedere metodic &#8211; a Academiei de \u015etiin\u0163e din Moldova.<\/p>\n<p class=\"text-align-justify\" style=\"text-align: justify;\">Aportul principal \u00een dezvoltarea Institutului de Geografie \u00eei apar\u0163ine m.c. M. Radul, dr. \u015ft. geografice V. Proca, dr. hab. \u015ft. geografice A. Levadniuc, academicienilor Tatiana Constantinov \u015fi A. Ursu, membrului corespondent Maria Nedealcov, iar a Institutului Na\u0163ional de Ecologie \u2013 membrului corespondent I. Dediu, care a fost \u015fi fondatorul lui.<\/p>\n","protected":false},"excerpt":{"rendered":"<p>Institutul de Ecologie \u015fi Geografie a fost \u00eenfiin\u021bat \u00een conformitate cu Hot\u0103r\u00e2rea Guvernului Republicii Moldova \u201eCu privire la m\u0103surile de optimizare a infrastructurii sferei \u0219tiin\u021bei \u015fi inov\u0103rii&#8221; nr.1326 din 14 decembrie 2005 prin contopirea Institutului Na\u021bional de Ecologie al Ministerului Ecologiei \u015fi Resurselor Naturale \u015fi Institutului de Geografie al A.\u015e.M. Dezvoltarea \u0219tiin\u021bei geografice \u00een Republica [&hellip;]<\/p>\n","protected":false},"author":1,"featured_media":0,"parent":0,"menu_order":0,"comment_status":"closed","ping_status":"closed","template":"","meta":{"footnotes":""},"class_list":["post-18","page","type-page","status-publish","hentry"],"_links":{"self":[{"href":"https:\/\/idceg.usm.md\/index.php?rest_route=\/wp\/v2\/pages\/18","targetHints":{"allow":["GET"]}}],"collection":[{"href":"https:\/\/idceg.usm.md\/index.php?rest_route=\/wp\/v2\/pages"}],"about":[{"href":"https:\/\/idceg.usm.md\/index.php?rest_route=\/wp\/v2\/types\/page"}],"author":[{"embeddable":true,"href":"https:\/\/idceg.usm.md\/index.php?rest_route=\/wp\/v2\/users\/1"}],"replies":[{"embeddable":true,"href":"https:\/\/idceg.usm.md\/index.php?rest_route=%2Fwp%2Fv2%2Fcomments&post=18"}],"version-history":[{"count":1,"href":"https:\/\/idceg.usm.md\/index.php?rest_route=\/wp\/v2\/pages\/18\/revisions"}],"predecessor-version":[{"id":19,"href":"https:\/\/idceg.usm.md\/index.php?rest_route=\/wp\/v2\/pages\/18\/revisions\/19"}],"wp:attachment":[{"href":"https:\/\/idceg.usm.md\/index.php?rest_route=%2Fwp%2Fv2%2Fmedia&parent=18"}],"curies":[{"name":"wp","href":"https:\/\/api.w.org\/{rel}","templated":true}]}}